{"id":21,"date":"2020-08-20T17:33:54","date_gmt":"2020-08-20T15:33:54","guid":{"rendered":"https:\/\/photographe-michel.com\/?page_id=21"},"modified":"2020-08-20T20:05:31","modified_gmt":"2020-08-20T18:05:31","slug":"a-propos","status":"publish","type":"page","link":"https:\/\/photographe-michel.com\/?page_id=21","title":{"rendered":"\u00c0 propos"},"content":{"rendered":"\t\t<div data-elementor-type=\"wp-page\" data-elementor-id=\"21\" class=\"elementor elementor-21\" data-elementor-settings=\"[]\">\n\t\t\t<div class=\"elementor-inner\">\n\t\t\t\t<div class=\"elementor-section-wrap\">\n\t\t\t\t\t\t\t<section class=\"elementor-element elementor-element-9cb9897 elementor-section-boxed elementor-section-height-default elementor-section-height-default elementor-section elementor-top-section\" data-id=\"9cb9897\" data-element_type=\"section\">\n\t\t\t\t\t\t<div class=\"elementor-container elementor-column-gap-default\">\n\t\t\t\t<div class=\"elementor-row\">\n\t\t\t\t<div class=\"elementor-element elementor-element-258c558 elementor-column elementor-col-100 elementor-top-column\" data-id=\"258c558\" data-element_type=\"column\">\n\t\t\t<div class=\"elementor-column-wrap  elementor-element-populated\">\n\t\t\t\t\t<div class=\"elementor-widget-wrap\">\n\t\t\t\t<div class=\"elementor-element elementor-element-e0d7bab elementor-widget elementor-widget-spacer\" data-id=\"e0d7bab\" data-element_type=\"widget\" data-widget_type=\"spacer.default\">\n\t\t\t\t<div class=\"elementor-widget-container\">\n\t\t\t\t\t<div class=\"elementor-spacer\">\n\t\t\t<div class=\"elementor-spacer-inner\"><\/div>\n\t\t<\/div>\n\t\t\t\t<\/div>\n\t\t\t\t<\/div>\n\t\t\t\t\t\t<\/div>\n\t\t\t<\/div>\n\t\t<\/div>\n\t\t\t\t\t\t<\/div>\n\t\t\t<\/div>\n\t\t<\/section>\n\t\t\t\t<section class=\"elementor-element elementor-element-9fbc428 elementor-section-boxed elementor-section-height-default elementor-section-height-default elementor-section elementor-top-section\" data-id=\"9fbc428\" data-element_type=\"section\">\n\t\t\t\t\t\t<div class=\"elementor-container elementor-column-gap-default\">\n\t\t\t\t<div class=\"elementor-row\">\n\t\t\t\t<div class=\"elementor-element elementor-element-4bf82b2 elementor-column elementor-col-50 elementor-top-column\" data-id=\"4bf82b2\" data-element_type=\"column\">\n\t\t\t<div class=\"elementor-column-wrap  elementor-element-populated\">\n\t\t\t\t\t<div class=\"elementor-widget-wrap\">\n\t\t\t\t<div class=\"elementor-element elementor-element-51627fe elementor-widget elementor-widget-image\" data-id=\"51627fe\" data-element_type=\"widget\" data-widget_type=\"image.default\">\n\t\t\t\t<div class=\"elementor-widget-container\">\n\t\t\t\t\t<div class=\"elementor-image\">\n\t\t\t\t\t\t\t\t\t\t<img loading=\"lazy\" decoding=\"async\" width=\"720\" height=\"1080\" src=\"https:\/\/photographe-michel.com\/wp-content\/uploads\/2020\/08\/18320472_10208832034616887_7924008622065265689_o.jpg\" class=\"elementor-animation-grow attachment-full size-full\" alt=\"\" srcset=\"https:\/\/photographe-michel.com\/wp-content\/uploads\/2020\/08\/18320472_10208832034616887_7924008622065265689_o.jpg 720w, https:\/\/photographe-michel.com\/wp-content\/uploads\/2020\/08\/18320472_10208832034616887_7924008622065265689_o-200x300.jpg 200w, https:\/\/photographe-michel.com\/wp-content\/uploads\/2020\/08\/18320472_10208832034616887_7924008622065265689_o-683x1024.jpg 683w, https:\/\/photographe-michel.com\/wp-content\/uploads\/2020\/08\/18320472_10208832034616887_7924008622065265689_o-500x750.jpg 500w\" sizes=\"auto, (max-width: 720px) 100vw, 720px\" \/>\t\t\t\t\t\t\t\t\t\t\t<\/div>\n\t\t\t\t<\/div>\n\t\t\t\t<\/div>\n\t\t\t\t\t\t<\/div>\n\t\t\t<\/div>\n\t\t<\/div>\n\t\t\t\t<div class=\"elementor-element elementor-element-ee33967 elementor-column elementor-col-50 elementor-top-column\" data-id=\"ee33967\" data-element_type=\"column\">\n\t\t\t<div class=\"elementor-column-wrap  elementor-element-populated\">\n\t\t\t\t\t<div class=\"elementor-widget-wrap\">\n\t\t\t\t<div class=\"elementor-element elementor-element-b41d741 elementor-widget elementor-widget-text-editor\" data-id=\"b41d741\" data-element_type=\"widget\" data-widget_type=\"text-editor.default\">\n\t\t\t\t<div class=\"elementor-widget-container\">\n\t\t\t\t\t<div class=\"elementor-text-editor elementor-clearfix\"><p>Photographe professionnel j\u2019ai d\u2019abord \u00e9t\u00e9 reporter sportif pour le journal Le Progr\u00e8s puis au Dauphin\u00e9 Lib\u00e9r\u00e9.<br \/>La photographie est pour moi une r\u00e9elle passion qui se concr\u00e9tise aujourd\u2019hui par la cr\u00e9ation de mon entreprise.<br \/>Fort de mes 30 ann\u00e9es d\u2019exp\u00e9rience je serai au plus proche de vos attentes afin de rendre vos \u00e9v\u00e9nements et vos meilleurs souvenirs inoubliables.<\/p><\/div>\n\t\t\t\t<\/div>\n\t\t\t\t<\/div>\n\t\t\t\t\t\t<\/div>\n\t\t\t<\/div>\n\t\t<\/div>\n\t\t\t\t\t\t<\/div>\n\t\t\t<\/div>\n\t\t<\/section>\n\t\t\t\t\t\t<\/div>\n\t\t\t<\/div>\n\t\t<\/div>\n\t\t","protected":false},"excerpt":{"rendered":"<p>Photographe professionnel j\u2019ai d\u2019abord \u00e9t\u00e9 reporter sportif pour le journal Le Progr\u00e8s puis au Dauphin\u00e9 Lib\u00e9r\u00e9.La photographie est pour moi une r\u00e9elle passion qui se concr\u00e9tise aujourd\u2019hui par la cr\u00e9ation de mon entreprise.Fort de mes 30 ann\u00e9es d\u2019exp\u00e9rience je serai au plus proche de vos attentes afin de rendre vos \u00e9v\u00e9nements et vos meilleurs souvenirs &hellip;<\/p>\n<p class=\"read-more\"> <a class=\"\" href=\"https:\/\/photographe-michel.com\/?page_id=21\"> <span class=\"screen-reader-text\">\u00c0 propos<\/span> Lire la suite\u00a0\u00bb<\/a><\/p>\n","protected":false},"author":1,"featured_media":0,"parent":0,"menu_order":0,"comment_status":"closed","ping_status":"closed","template":"","meta":{"_vp_format_video_url":"","_vp_image_focal_point":[],"footnotes":""},"class_list":["post-21","page","type-page","status-publish","hentry"],"_links":{"self":[{"href":"https:\/\/photographe-michel.com\/index.php?rest_route=\/wp\/v2\/pages\/21","targetHints":{"allow":["GET"]}}],"collection":[{"href":"https:\/\/photographe-michel.com\/index.php?rest_route=\/wp\/v2\/pages"}],"about":[{"href":"https:\/\/photographe-michel.com\/index.php?rest_route=\/wp\/v2\/types\/page"}],"author":[{"embeddable":true,"href":"https:\/\/photographe-michel.com\/index.php?rest_route=\/wp\/v2\/users\/1"}],"replies":[{"embeddable":true,"href":"https:\/\/photographe-michel.com\/index.php?rest_route=%2Fwp%2Fv2%2Fcomments&post=21"}],"version-history":[{"count":4,"href":"https:\/\/photographe-michel.com\/index.php?rest_route=\/wp\/v2\/pages\/21\/revisions"}],"predecessor-version":[{"id":102,"href":"https:\/\/photographe-michel.com\/index.php?rest_route=\/wp\/v2\/pages\/21\/revisions\/102"}],"wp:attachment":[{"href":"https:\/\/photographe-michel.com\/index.php?rest_route=%2Fwp%2Fv2%2Fmedia&parent=21"}],"curies":[{"name":"wp","href":"https:\/\/api.w.org\/{rel}","templated":true}]}}